{"id":1535,"date":"2022-05-07T20:07:47","date_gmt":"2022-05-07T18:07:47","guid":{"rendered":"https:\/\/mombasa-beach-restaurant-villeneuve-loubet.com\/?page_id=1535"},"modified":"2024-04-18T20:46:13","modified_gmt":"2024-04-18T18:46:13","slug":"plage-privee","status":"publish","type":"page","link":"https:\/\/mombasa-beach-restaurant-villeneuve-loubet.com\/index.php\/plage-privee\/","title":{"rendered":"Plage priv\u00e9e \u00e0 Villeneuve-Loubet"},"content":{"rendered":"\t\t<div data-elementor-type=\"wp-page\" data-elementor-id=\"1535\" class=\"elementor elementor-1535\">\n\t\t\t\t\t\t\t\t\t<section class=\"elementor-section elementor-top-section elementor-element elementor-element-2cf2c512 elementor-section-height-min-height elementor-section-stretched elementor-section-boxed elementor-section-height-default elementor-section-items-middle\" data-id=\"2cf2c512\" data-element_type=\"section\" data-settings=\"{&quot;background_background&quot;:&quot;classic&quot;,&quot;stretch_section&quot;:&quot;section-stretched&quot;}\">\n\t\t\t\t\t\t\t<div class=\"elementor-background-overlay\"><\/div>\n\t\t\t\t\t\t\t<div class=\"elementor-container elementor-column-gap-default\">\n\t\t\t\t\t<div class=\"elementor-column elementor-col-100 elementor-top-column elementor-element elementor-element-56c24364\" data-id=\"56c24364\" data-element_type=\"column\">\n\t\t\t<div class=\"elementor-widget-wrap elementor-element-populated\">\n\t\t\t\t\t\t\t\t<div class=\"elementor-element elementor-element-29ee1c60 elementor-widget elementor-widget-heading\" data-id=\"29ee1c60\" data-element_type=\"widget\" data-widget_type=\"heading.default\">\n\t\t\t\t<div class=\"elementor-widget-container\">\n\t\t\t<style>\/*! elementor - v3.6.5 - 27-04-2022 *\/\n.elementor-heading-title{padding:0;margin:0;line-height:1}.elementor-widget-heading .elementor-heading-title[class*=elementor-size-]>a{color:inherit;font-size:inherit;line-height:inherit}.elementor-widget-heading .elementor-heading-title.elementor-size-small{font-size:15px}.elementor-widget-heading .elementor-heading-title.elementor-size-medium{font-size:19px}.elementor-widget-heading .elementor-heading-title.elementor-size-large{font-size:29px}.elementor-widget-heading .elementor-heading-title.elementor-size-xl{font-size:39px}.elementor-widget-heading .elementor-heading-title.elementor-size-xxl{font-size:59px}<\/style><h1 class=\"elementor-heading-title elementor-size-default\">LA PLAGE PRIV\u00c9E<\/h1>\t\t<\/div>\n\t\t\t\t<\/div>\n\t\t\t\t\t<\/div>\n\t\t<\/div>\n\t\t\t\t\t\t\t<\/div>\n\t\t<\/section>\n\t\t\t\t<section class=\"elementor-section elementor-top-section elementor-element elementor-element-62185f6e elementor-section-full_width elementor-section-stretched elementor-section-height-default elementor-section-height-default\" data-id=\"62185f6e\" data-element_type=\"section\" data-settings=\"{&quot;background_background&quot;:&quot;classic&quot;,&quot;stretch_section&quot;:&quot;section-stretched&quot;}\">\n\t\t\t\t\t\t<div class=\"elementor-container elementor-column-gap-no\">\n\t\t\t\t\t<div class=\"elementor-column elementor-col-100 elementor-top-column elementor-element elementor-element-29d79c17 elementor-invisible\" data-id=\"29d79c17\" data-element_type=\"column\" data-settings=\"{&quot;animation&quot;:&quot;fadeInRight&quot;}\">\n\t\t\t<div class=\"elementor-widget-wrap elementor-element-populated\">\n\t\t\t\t\t\t\t\t<div class=\"elementor-element elementor-element-20734363 elementor-widget elementor-widget-heading\" data-id=\"20734363\" data-element_type=\"widget\" data-widget_type=\"heading.default\">\n\t\t\t\t<div class=\"elementor-widget-container\">\n\t\t\t<h3 class=\"elementor-heading-title elementor-size-default\">La plage Mombasa Beach<\/h3>\t\t<\/div>\n\t\t\t\t<\/div>\n\t\t\t\t<div class=\"elementor-element elementor-element-795d39cb elementor-widget elementor-widget-heading\" data-id=\"795d39cb\" data-element_type=\"widget\" data-widget_type=\"heading.default\">\n\t\t\t\t<div class=\"elementor-widget-container\">\n\t\t\t<h5 class=\"elementor-heading-title elementor-size-default\">Villeneuve-Loubet<\/h5>\t\t<\/div>\n\t\t\t\t<\/div>\n\t\t\t\t\t<\/div>\n\t\t<\/div>\n\t\t\t\t\t\t\t<\/div>\n\t\t<\/section>\n\t\t\t\t<section class=\"elementor-section elementor-top-section elementor-element elementor-element-7915999f elementor-section-stretched elementor-section-boxed elementor-section-height-default elementor-section-height-default\" data-id=\"7915999f\" data-element_type=\"section\" data-settings=\"{&quot;background_background&quot;:&quot;classic&quot;,&quot;stretch_section&quot;:&quot;section-stretched&quot;}\">\n\t\t\t\t\t\t<div class=\"elementor-container elementor-column-gap-default\">\n\t\t\t\t\t<div class=\"elementor-column elementor-col-50 elementor-top-column elementor-element elementor-element-66ef4044\" data-id=\"66ef4044\" data-element_type=\"column\" data-settings=\"{&quot;background_background&quot;:&quot;classic&quot;}\">\n\t\t\t<div class=\"elementor-widget-wrap elementor-element-populated\">\n\t\t\t\t\t\t\t\t<div class=\"elementor-element elementor-element-7088d776 elementor-widget elementor-widget-heading\" data-id=\"7088d776\" data-element_type=\"widget\" data-widget_type=\"heading.default\">\n\t\t\t\t<div class=\"elementor-widget-container\">\n\t\t\t<h3 class=\"elementor-heading-title elementor-size-default\">Votre plage priv\u00e9e  \u00e0\nVilleneuve Loubet<\/h3>\t\t<\/div>\n\t\t\t\t<\/div>\n\t\t\t\t<div class=\"elementor-element elementor-element-17f85374 elementor-invisible elementor-widget elementor-widget-text-editor\" data-id=\"17f85374\" data-element_type=\"widget\" data-settings=\"{&quot;_animation&quot;:&quot;fadeInUp&quot;}\" data-widget_type=\"text-editor.default\">\n\t\t\t\t<div class=\"elementor-widget-container\">\n\t\t\t<style>\/*! elementor - v3.6.5 - 27-04-2022 *\/\n.elementor-widget-text-editor.elementor-drop-cap-view-stacked .elementor-drop-cap{background-color:#818a91;color:#fff}.elementor-widget-text-editor.elementor-drop-cap-view-framed .elementor-drop-cap{color:#818a91;border:3px solid;background-color:transparent}.elementor-widget-text-editor:not(.elementor-drop-cap-view-default) .elementor-drop-cap{margin-top:8px}.elementor-widget-text-editor:not(.elementor-drop-cap-view-default) .elementor-drop-cap-letter{width:1em;height:1em}.elementor-widget-text-editor .elementor-drop-cap{float:left;text-align:center;line-height:1;font-size:50px}.elementor-widget-text-editor .elementor-drop-cap-letter{display:inline-block}<\/style>\t\t\t\t<p>Laissez-vous transporter par une ambiance Cara\u00efbes, les pieds dans l\u2019eau et la peau dor\u00e9e par le soleil, pour un moment de d\u00e9tente sur les matelas de notre plage priv\u00e9e.<span class=\"Apple-converted-space\">\u00a0<\/span><\/p><p>Adapte du soleil ou de l\u2019ombre, au bord de l\u2019eau ou plus proche du restaurant, le Mombasa Beach vous propose plus de quarante transats et parasols agr\u00e9ablement dispos\u00e9s de part et d\u2019autre de la plage, pour vous offrir le choix de l\u2019emplacement qui vous convient.<span class=\"Apple-converted-space\">\u00a0<\/span><\/p><p>Notre \u00e9quipe se tient \u00e0 votre disposition pour vous proposer nos cartes repas et boissons \u00e0 tout moment de la journ\u00e9e, et vous servir directement \u00e0 votre matelas.<span class=\"Apple-converted-space\">\u00a0<\/span><\/p><p>Sur un th\u00e8me exotique, l\u2019ambiance chaleureuse et accueillante du Mombasa Beach vous fera voyager le temps d\u2019une journ\u00e9e. <br \/>Pensez \u00e0 r\u00e9server vos matelas et parasols en ligne, ou par t\u00e9l\u00e9phone.<\/p>\t\t\t\t\t\t<\/div>\n\t\t\t\t<\/div>\n\t\t\t\t\t<\/div>\n\t\t<\/div>\n\t\t\t\t<div class=\"elementor-column elementor-col-50 elementor-top-column elementor-element elementor-element-65fcd65e\" data-id=\"65fcd65e\" data-element_type=\"column\" data-settings=\"{&quot;background_background&quot;:&quot;classic&quot;}\">\n\t\t\t<div class=\"elementor-widget-wrap elementor-element-populated\">\n\t\t\t\t\t\t\t\t<div class=\"elementor-element elementor-element-5609d120 elementor-widget elementor-widget-image\" data-id=\"5609d120\" data-element_type=\"widget\" data-widget_type=\"image.default\">\n\t\t\t\t<div class=\"elementor-widget-container\">\n\t\t\t<style>\/*! elementor - v3.6.5 - 27-04-2022 *\/\n.elementor-widget-image{text-align:center}.elementor-widget-image a{display:inline-block}.elementor-widget-image a img[src$=\".svg\"]{width:48px}.elementor-widget-image img{vertical-align:middle;display:inline-block}<\/style>\t\t\t\t\t\t\t\t\t\t\t\t<img decoding=\"async\" src=\"https:\/\/mombasa-beach-restaurant-villeneuve-loubet.com\/wp-content\/uploads\/elementor\/thumbs\/1-pohk9zbaidddxgbwjngvmk96rdr14ogebkf3bxj704.jpg\" title=\"Scenic view of private sandy beach with sun beds and parasokamy the sea and mountains. Resort.\" alt=\"Scenic view of private sandy beach with sun beds and parasokamy the sea and mountains. Resort\" \/>\t\t\t\t\t\t\t\t\t\t\t\t\t\t\t<\/div>\n\t\t\t\t<\/div>\n\t\t\t\t\t<\/div>\n\t\t<\/div>\n\t\t\t\t\t\t\t<\/div>\n\t\t<\/section>\n\t\t\t\t<section class=\"elementor-section elementor-top-section elementor-element elementor-element-271be6c8 elementor-section-full_width elementor-section-stretched elementor-section-height-default elementor-section-height-default\" data-id=\"271be6c8\" data-element_type=\"section\" data-settings=\"{&quot;background_background&quot;:&quot;classic&quot;,&quot;stretch_section&quot;:&quot;section-stretched&quot;}\">\n\t\t\t\t\t\t<div class=\"elementor-container elementor-column-gap-no\">\n\t\t\t\t\t<div class=\"elementor-column elementor-col-100 elementor-top-column elementor-element elementor-element-7afdb732\" data-id=\"7afdb732\" data-element_type=\"column\">\n\t\t\t<div class=\"elementor-widget-wrap elementor-element-populated\">\n\t\t\t\t\t\t\t\t<section class=\"elementor-section elementor-inner-section elementor-element elementor-element-365e3cc6 elementor-section-boxed elementor-section-height-default elementor-section-height-default\" data-id=\"365e3cc6\" data-element_type=\"section\">\n\t\t\t\t\t\t<div class=\"elementor-container elementor-column-gap-default\">\n\t\t\t\t\t<div class=\"elementor-column elementor-col-33 elementor-inner-column elementor-element elementor-element-3f61f664\" data-id=\"3f61f664\" data-element_type=\"column\" data-settings=\"{&quot;background_background&quot;:&quot;classic&quot;}\">\n\t\t\t<div class=\"elementor-widget-wrap elementor-element-populated\">\n\t\t\t\t\t\t\t\t<div class=\"elementor-element elementor-element-ca0ba73 elementor-view-default elementor-mobile-position-top elementor-vertical-align-top elementor-widget elementor-widget-icon-box\" data-id=\"ca0ba73\" data-element_type=\"widget\" data-widget_type=\"icon-box.default\">\n\t\t\t\t<div class=\"elementor-widget-container\">\n\t\t\t<link rel=\"stylesheet\" href=\"https:\/\/mombasa-beach-restaurant-villeneuve-loubet.com\/wp-content\/plugins\/elementor\/assets\/css\/widget-icon-box.min.css\">\t\t<div class=\"elementor-icon-box-wrapper\">\n\t\t\t\t\t\t<div class=\"elementor-icon-box-icon\">\n\t\t\t\t<span class=\"elementor-icon elementor-animation-\" >\n\t\t\t\t<i aria-hidden=\"true\" class=\"icon icon-phone1\"><\/i>\t\t\t\t<\/span>\n\t\t\t<\/div>\n\t\t\t\t\t\t<div class=\"elementor-icon-box-content\">\n\t\t\t\t<h4 class=\"elementor-icon-box-title\">\n\t\t\t\t\t<span  >\n\t\t\t\t\t\tT\u00e9l\u00e9phone\t\t\t\t\t<\/span>\n\t\t\t\t<\/h4>\n\t\t\t\t\t\t\t<\/div>\n\t\t<\/div>\n\t\t\t\t<\/div>\n\t\t\t\t<\/div>\n\t\t\t\t<div class=\"elementor-element elementor-element-a24fc8d elementor-widget elementor-widget-text-editor\" data-id=\"a24fc8d\" data-element_type=\"widget\" data-widget_type=\"text-editor.default\">\n\t\t\t\t<div class=\"elementor-widget-container\">\n\t\t\t\t\t\t\t<p><a href=\"tel:0489222075\">04 89 22 20 75<\/a><\/p>\t\t\t\t\t\t<\/div>\n\t\t\t\t<\/div>\n\t\t\t\t\t<\/div>\n\t\t<\/div>\n\t\t\t\t<div class=\"elementor-column elementor-col-33 elementor-inner-column elementor-element elementor-element-3b346db5\" data-id=\"3b346db5\" data-element_type=\"column\" data-settings=\"{&quot;background_background&quot;:&quot;classic&quot;}\">\n\t\t\t<div class=\"elementor-widget-wrap elementor-element-populated\">\n\t\t\t\t\t\t\t\t<div class=\"elementor-element elementor-element-4a369ec2 elementor-view-default elementor-mobile-position-top elementor-vertical-align-top elementor-widget elementor-widget-icon-box\" data-id=\"4a369ec2\" data-element_type=\"widget\" data-widget_type=\"icon-box.default\">\n\t\t\t\t<div class=\"elementor-widget-container\">\n\t\t\t\t\t<div class=\"elementor-icon-box-wrapper\">\n\t\t\t\t\t\t<div class=\"elementor-icon-box-icon\">\n\t\t\t\t<span class=\"elementor-icon elementor-animation-\" >\n\t\t\t\t<i aria-hidden=\"true\" class=\"icon icon-email\"><\/i>\t\t\t\t<\/span>\n\t\t\t<\/div>\n\t\t\t\t\t\t<div class=\"elementor-icon-box-content\">\n\t\t\t\t<h4 class=\"elementor-icon-box-title\">\n\t\t\t\t\t<span  >\n\t\t\t\t\t\tMail\t\t\t\t\t<\/span>\n\t\t\t\t<\/h4>\n\t\t\t\t\t\t\t<\/div>\n\t\t<\/div>\n\t\t\t\t<\/div>\n\t\t\t\t<\/div>\n\t\t\t\t<div class=\"elementor-element elementor-element-433da2ef elementor-widget elementor-widget-text-editor\" data-id=\"433da2ef\" data-element_type=\"widget\" data-widget_type=\"text-editor.default\">\n\t\t\t\t<div class=\"elementor-widget-container\">\n\t\t\t\t\t\t\t<p><a href=\"mailto:contact@mombasa-beach.com\">contact@mombasa-beach.com<\/a><\/p>\t\t\t\t\t\t<\/div>\n\t\t\t\t<\/div>\n\t\t\t\t\t<\/div>\n\t\t<\/div>\n\t\t\t\t<div class=\"elementor-column elementor-col-33 elementor-inner-column elementor-element elementor-element-d822dd2\" data-id=\"d822dd2\" data-element_type=\"column\" data-settings=\"{&quot;background_background&quot;:&quot;classic&quot;}\">\n\t\t\t<div class=\"elementor-widget-wrap elementor-element-populated\">\n\t\t\t\t\t\t\t\t<div class=\"elementor-element elementor-element-296b28fd elementor-view-default elementor-mobile-position-top elementor-vertical-align-top elementor-widget elementor-widget-icon-box\" data-id=\"296b28fd\" data-element_type=\"widget\" data-widget_type=\"icon-box.default\">\n\t\t\t\t<div class=\"elementor-widget-container\">\n\t\t\t\t\t<div class=\"elementor-icon-box-wrapper\">\n\t\t\t\t\t\t<div class=\"elementor-icon-box-icon\">\n\t\t\t\t<span class=\"elementor-icon elementor-animation-\" >\n\t\t\t\t<i aria-hidden=\"true\" class=\"icon icon-map-marker\"><\/i>\t\t\t\t<\/span>\n\t\t\t<\/div>\n\t\t\t\t\t\t<div class=\"elementor-icon-box-content\">\n\t\t\t\t<h4 class=\"elementor-icon-box-title\">\n\t\t\t\t\t<span  >\n\t\t\t\t\t\tAdresse\t\t\t\t\t<\/span>\n\t\t\t\t<\/h4>\n\t\t\t\t\t\t\t<\/div>\n\t\t<\/div>\n\t\t\t\t<\/div>\n\t\t\t\t<\/div>\n\t\t\t\t<div class=\"elementor-element elementor-element-2946ec84 elementor-widget elementor-widget-text-editor\" data-id=\"2946ec84\" data-element_type=\"widget\" data-widget_type=\"text-editor.default\">\n\t\t\t\t<div class=\"elementor-widget-container\">\n\t\t\t\t\t\t\t<p>1321 route du bord de mer <br \/>06270 Villeneuve Loubet<\/p>\t\t\t\t\t\t<\/div>\n\t\t\t\t<\/div>\n\t\t\t\t\t<\/div>\n\t\t<\/div>\n\t\t\t\t\t\t\t<\/div>\n\t\t<\/section>\n\t\t\t\t\t<\/div>\n\t\t<\/div>\n\t\t\t\t\t\t\t<\/div>\n\t\t<\/section>\n\t\t\t\t\t\t\t<\/div>\n\t\t","protected":false},"excerpt":{"rendered":"<p>LA PLAGE PRIV\u00c9E La plage Mombasa Beach Villeneuve-Loubet Votre plage priv\u00e9e \u00e0 Villeneuve Loubet Laissez-vous transporter par une ambiance Cara\u00efbes, les pieds dans l\u2019eau et la peau dor\u00e9e par le soleil, pour un moment de d\u00e9tente sur les matelas de notre plage priv\u00e9e.\u00a0 Adapte du soleil ou de l\u2019ombre, au bord de l\u2019eau ou plus &hellip; <\/p>\n<p class=\"link-more\"><a href=\"https:\/\/mombasa-beach-restaurant-villeneuve-loubet.com\/index.php\/plage-privee\/\" class=\"more-link\">Continuer la lecture <span class=\"screen-reader-text\"> \u00ab\u00a0Plage priv\u00e9e \u00e0 Villeneuve-Loubet\u00a0\u00bb<\/span><\/a><\/p>\n","protected":false},"author":1,"featured_media":0,"parent":0,"menu_order":0,"comment_status":"closed","ping_status":"closed","template":"elementor_header_footer","meta":{"footnotes":""},"class_list":["post-1535","page","type-page","status-publish","hentry","entry"],"yoast_head":"<!-- This site is optimized with the Yoast SEO plugin v20.9 - https:\/\/yoast.com\/wordpress\/plugins\/seo\/ -->\n<title>La plage priv\u00e9e - Le Mombasa Beach \u00e0 Villeneuve Loubet<\/title>\n<meta name=\"description\" content=\"D\u00e9couvrez la plage priv\u00e9e du Mombasa Beach - Restaurant et plage priv\u00e9e \u00e0 Villeneuve Loubet. Journ\u00e9e et demi-journ\u00e9e, r\u00e9servation en ligne.\" \/>\n<meta name=\"robots\" content=\"index, follow, max-snippet:-1, max-image-preview:large, max-video-preview:-1\" \/>\n<link rel=\"canonical\" href=\"https:\/\/mombasa-beach-restaurant-villeneuve-loubet.com\/index.php\/plage-privee\/\" \/>\n<meta property=\"og:locale\" content=\"fr_FR\" \/>\n<meta property=\"og:type\" content=\"article\" \/>\n<meta property=\"og:title\" content=\"La plage priv\u00e9e - Le Mombasa Beach \u00e0 Villeneuve Loubet\" \/>\n<meta property=\"og:description\" content=\"D\u00e9couvrez la plage priv\u00e9e du Mombasa Beach - Restaurant et plage priv\u00e9e \u00e0 Villeneuve Loubet. Journ\u00e9e et demi-journ\u00e9e, r\u00e9servation en ligne.\" \/>\n<meta property=\"og:url\" content=\"https:\/\/mombasa-beach-restaurant-villeneuve-loubet.com\/index.php\/plage-privee\/\" \/>\n<meta property=\"og:site_name\" content=\"Mombasa Beach\" \/>\n<meta property=\"article:modified_time\" content=\"2024-04-18T18:46:13+00:00\" \/>\n<meta property=\"og:image\" content=\"https:\/\/mombasa-beach-restaurant-villeneuve-loubet.com\/wp-content\/uploads\/elementor\/thumbs\/1-pltdv793c3bskmqd6w8ut8ra4bv07qdpzaf46ik01g.jpg\" \/>\n<meta name=\"twitter:card\" content=\"summary_large_image\" \/>\n<meta name=\"twitter:label1\" content=\"Dur\u00e9e de lecture estim\u00e9e\" \/>\n\t<meta name=\"twitter:data1\" content=\"2 minutes\" \/>\n<script type=\"application\/ld+json\" class=\"yoast-schema-graph\">{\"@context\":\"https:\/\/schema.org\",\"@graph\":[{\"@type\":\"WebPage\",\"@id\":\"https:\/\/mombasa-beach-restaurant-villeneuve-loubet.com\/index.php\/plage-privee\/\",\"url\":\"https:\/\/mombasa-beach-restaurant-villeneuve-loubet.com\/index.php\/plage-privee\/\",\"name\":\"La plage priv\u00e9e - Le Mombasa Beach \u00e0 Villeneuve Loubet\",\"isPartOf\":{\"@id\":\"https:\/\/mombasa-beach-restaurant-villeneuve-loubet.com\/#website\"},\"datePublished\":\"2022-05-07T18:07:47+00:00\",\"dateModified\":\"2024-04-18T18:46:13+00:00\",\"description\":\"D\u00e9couvrez la plage priv\u00e9e du Mombasa Beach - Restaurant et plage priv\u00e9e \u00e0 Villeneuve Loubet. Journ\u00e9e et demi-journ\u00e9e, r\u00e9servation en ligne.\",\"breadcrumb\":{\"@id\":\"https:\/\/mombasa-beach-restaurant-villeneuve-loubet.com\/index.php\/plage-privee\/#breadcrumb\"},\"inLanguage\":\"fr-FR\",\"potentialAction\":[{\"@type\":\"ReadAction\",\"target\":[\"https:\/\/mombasa-beach-restaurant-villeneuve-loubet.com\/index.php\/plage-privee\/\"]}]},{\"@type\":\"BreadcrumbList\",\"@id\":\"https:\/\/mombasa-beach-restaurant-villeneuve-loubet.com\/index.php\/plage-privee\/#breadcrumb\",\"itemListElement\":[{\"@type\":\"ListItem\",\"position\":1,\"name\":\"Accueil\",\"item\":\"https:\/\/mombasa-beach-restaurant-villeneuve-loubet.com\/\"},{\"@type\":\"ListItem\",\"position\":2,\"name\":\"Plage priv\u00e9e \u00e0 Villeneuve-Loubet\"}]},{\"@type\":\"WebSite\",\"@id\":\"https:\/\/mombasa-beach-restaurant-villeneuve-loubet.com\/#website\",\"url\":\"https:\/\/mombasa-beach-restaurant-villeneuve-loubet.com\/\",\"name\":\"Mombasa Beach\",\"description\":\"Restaurant &amp; Plage priv\u00e9e Villeneuve-Loubet\",\"publisher\":{\"@id\":\"https:\/\/mombasa-beach-restaurant-villeneuve-loubet.com\/#organization\"},\"potentialAction\":[{\"@type\":\"SearchAction\",\"target\":{\"@type\":\"EntryPoint\",\"urlTemplate\":\"https:\/\/mombasa-beach-restaurant-villeneuve-loubet.com\/?s={search_term_string}\"},\"query-input\":\"required name=search_term_string\"}],\"inLanguage\":\"fr-FR\"},{\"@type\":\"Organization\",\"@id\":\"https:\/\/mombasa-beach-restaurant-villeneuve-loubet.com\/#organization\",\"name\":\"Mombasa Beach\",\"url\":\"https:\/\/mombasa-beach-restaurant-villeneuve-loubet.com\/\",\"logo\":{\"@type\":\"ImageObject\",\"inLanguage\":\"fr-FR\",\"@id\":\"https:\/\/mombasa-beach-restaurant-villeneuve-loubet.com\/#\/schema\/logo\/image\/\",\"url\":\"https:\/\/mombasa-beach-restaurant-villeneuve-loubet.com\/wp-content\/uploads\/2022\/03\/cropped-MOMBASA-LOGO-BLANC-01.png\",\"contentUrl\":\"https:\/\/mombasa-beach-restaurant-villeneuve-loubet.com\/wp-content\/uploads\/2022\/03\/cropped-MOMBASA-LOGO-BLANC-01.png\",\"width\":190,\"height\":190,\"caption\":\"Mombasa Beach \"},\"image\":{\"@id\":\"https:\/\/mombasa-beach-restaurant-villeneuve-loubet.com\/#\/schema\/logo\/image\/\"}}]}<\/script>\n<!-- \/ Yoast SEO plugin. -->","yoast_head_json":{"title":"La plage priv\u00e9e - Le Mombasa Beach \u00e0 Villeneuve Loubet","description":"D\u00e9couvrez la plage priv\u00e9e du Mombasa Beach - Restaurant et plage priv\u00e9e \u00e0 Villeneuve Loubet. Journ\u00e9e et demi-journ\u00e9e, r\u00e9servation en ligne.","robots":{"index":"index","follow":"follow","max-snippet":"max-snippet:-1","max-image-preview":"max-image-preview:large","max-video-preview":"max-video-preview:-1"},"canonical":"https:\/\/mombasa-beach-restaurant-villeneuve-loubet.com\/index.php\/plage-privee\/","og_locale":"fr_FR","og_type":"article","og_title":"La plage priv\u00e9e - Le Mombasa Beach \u00e0 Villeneuve Loubet","og_description":"D\u00e9couvrez la plage priv\u00e9e du Mombasa Beach - Restaurant et plage priv\u00e9e \u00e0 Villeneuve Loubet. Journ\u00e9e et demi-journ\u00e9e, r\u00e9servation en ligne.","og_url":"https:\/\/mombasa-beach-restaurant-villeneuve-loubet.com\/index.php\/plage-privee\/","og_site_name":"Mombasa Beach","article_modified_time":"2024-04-18T18:46:13+00:00","og_image":[{"url":"https:\/\/mombasa-beach-restaurant-villeneuve-loubet.com\/wp-content\/uploads\/elementor\/thumbs\/1-pltdv793c3bskmqd6w8ut8ra4bv07qdpzaf46ik01g.jpg"}],"twitter_card":"summary_large_image","twitter_misc":{"Dur\u00e9e de lecture estim\u00e9e":"2 minutes"},"schema":{"@context":"https:\/\/schema.org","@graph":[{"@type":"WebPage","@id":"https:\/\/mombasa-beach-restaurant-villeneuve-loubet.com\/index.php\/plage-privee\/","url":"https:\/\/mombasa-beach-restaurant-villeneuve-loubet.com\/index.php\/plage-privee\/","name":"La plage priv\u00e9e - Le Mombasa Beach \u00e0 Villeneuve Loubet","isPartOf":{"@id":"https:\/\/mombasa-beach-restaurant-villeneuve-loubet.com\/#website"},"datePublished":"2022-05-07T18:07:47+00:00","dateModified":"2024-04-18T18:46:13+00:00","description":"D\u00e9couvrez la plage priv\u00e9e du Mombasa Beach - Restaurant et plage priv\u00e9e \u00e0 Villeneuve Loubet. Journ\u00e9e et demi-journ\u00e9e, r\u00e9servation en ligne.","breadcrumb":{"@id":"https:\/\/mombasa-beach-restaurant-villeneuve-loubet.com\/index.php\/plage-privee\/#breadcrumb"},"inLanguage":"fr-FR","potentialAction":[{"@type":"ReadAction","target":["https:\/\/mombasa-beach-restaurant-villeneuve-loubet.com\/index.php\/plage-privee\/"]}]},{"@type":"BreadcrumbList","@id":"https:\/\/mombasa-beach-restaurant-villeneuve-loubet.com\/index.php\/plage-privee\/#breadcrumb","itemListElement":[{"@type":"ListItem","position":1,"name":"Accueil","item":"https:\/\/mombasa-beach-restaurant-villeneuve-loubet.com\/"},{"@type":"ListItem","position":2,"name":"Plage priv\u00e9e \u00e0 Villeneuve-Loubet"}]},{"@type":"WebSite","@id":"https:\/\/mombasa-beach-restaurant-villeneuve-loubet.com\/#website","url":"https:\/\/mombasa-beach-restaurant-villeneuve-loubet.com\/","name":"Mombasa Beach","description":"Restaurant &amp; Plage priv\u00e9e Villeneuve-Loubet","publisher":{"@id":"https:\/\/mombasa-beach-restaurant-villeneuve-loubet.com\/#organization"},"potentialAction":[{"@type":"SearchAction","target":{"@type":"EntryPoint","urlTemplate":"https:\/\/mombasa-beach-restaurant-villeneuve-loubet.com\/?s={search_term_string}"},"query-input":"required name=search_term_string"}],"inLanguage":"fr-FR"},{"@type":"Organization","@id":"https:\/\/mombasa-beach-restaurant-villeneuve-loubet.com\/#organization","name":"Mombasa Beach","url":"https:\/\/mombasa-beach-restaurant-villeneuve-loubet.com\/","logo":{"@type":"ImageObject","inLanguage":"fr-FR","@id":"https:\/\/mombasa-beach-restaurant-villeneuve-loubet.com\/#\/schema\/logo\/image\/","url":"https:\/\/mombasa-beach-restaurant-villeneuve-loubet.com\/wp-content\/uploads\/2022\/03\/cropped-MOMBASA-LOGO-BLANC-01.png","contentUrl":"https:\/\/mombasa-beach-restaurant-villeneuve-loubet.com\/wp-content\/uploads\/2022\/03\/cropped-MOMBASA-LOGO-BLANC-01.png","width":190,"height":190,"caption":"Mombasa Beach "},"image":{"@id":"https:\/\/mombasa-beach-restaurant-villeneuve-loubet.com\/#\/schema\/logo\/image\/"}}]}},"_links":{"self":[{"href":"https:\/\/mombasa-beach-restaurant-villeneuve-loubet.com\/index.php\/wp-json\/wp\/v2\/pages\/1535","targetHints":{"allow":["GET"]}}],"collection":[{"href":"https:\/\/mombasa-beach-restaurant-villeneuve-loubet.com\/index.php\/wp-json\/wp\/v2\/pages"}],"about":[{"href":"https:\/\/mombasa-beach-restaurant-villeneuve-loubet.com\/index.php\/wp-json\/wp\/v2\/types\/page"}],"author":[{"embeddable":true,"href":"https:\/\/mombasa-beach-restaurant-villeneuve-loubet.com\/index.php\/wp-json\/wp\/v2\/users\/1"}],"replies":[{"embeddable":true,"href":"https:\/\/mombasa-beach-restaurant-villeneuve-loubet.com\/index.php\/wp-json\/wp\/v2\/comments?post=1535"}],"version-history":[{"count":40,"href":"https:\/\/mombasa-beach-restaurant-villeneuve-loubet.com\/index.php\/wp-json\/wp\/v2\/pages\/1535\/revisions"}],"predecessor-version":[{"id":3012,"href":"https:\/\/mombasa-beach-restaurant-villeneuve-loubet.com\/index.php\/wp-json\/wp\/v2\/pages\/1535\/revisions\/3012"}],"wp:attachment":[{"href":"https:\/\/mombasa-beach-restaurant-villeneuve-loubet.com\/index.php\/wp-json\/wp\/v2\/media?parent=1535"}],"curies":[{"name":"wp","href":"https:\/\/api.w.org\/{rel}","templated":true}]}}